{"id":2008,"date":"2022-09-24T22:12:27","date_gmt":"2022-09-24T13:12:27","guid":{"rendered":"http:\/\/www.danialias.com\/news\/?page_id=2008"},"modified":"2022-10-17T22:27:38","modified_gmt":"2022-10-17T13:27:38","slug":"old-projects-es","status":"publish","type":"page","link":"http:\/\/www.danialias.com\/news\/old-projects-es\/","title":{"rendered":"Antiguos proyectos"},"content":{"rendered":"\n<div style=\"height:40px\" aria-hidden=\"true\" class=\"wp-block-spacer\"><\/div>\n\n\n\n<p class=\"has-medium-font-size\"><strong>ANTIGUOS PROYECTOS<\/strong><\/p>\n\n\n\n<p>Antes de empezar Phobos Children con Mirai-Labo, ayud\u00e9 a empresas a entrar en el mercado japon\u00e9s con <strong>ShakingAsia<\/strong>.<\/p>\n\n\n\n<figure class=\"wp-block-image aligncenter\"><img loading=\"lazy\" decoding=\"async\" width=\"260\" height=\"97\" src=\"http:\/\/www.danialias.com\/news\/wp-content\/uploads\/2010\/12\/tokio_shakingasia.jpg\" alt=\"ShakingAsia: Jumping Barriers!\" class=\"wp-image-518\" srcset=\"http:\/\/www.danialias.com\/news\/wp-content\/uploads\/2010\/12\/tokio_shakingasia.jpg 260w, http:\/\/www.danialias.com\/news\/wp-content\/uploads\/2010\/12\/tokio_shakingasia-150x55.jpg 150w\" sizes=\"auto, (max-width: 260px) 100vw, 260px\" \/><\/figure>\n\n\n\n<p>Tambi\u00e9n he organizado eventos para emprendedores tecnol\u00f3gicos en el coraz\u00f3n de Tokio, como parte de la marca espa\u00f1ola <strong>Iniciador<\/strong>. Los antiguos eventos est\u00e1n disponibles en su <a href=\"https:\/\/www.facebook.com\/IniciadorTokyo\">p\u00e1gina de facebook<\/a>.<\/p>\n\n\n\n<figure class=\"wp-block-image aligncenter is-resized\"><img loading=\"lazy\" decoding=\"async\" src=\"http:\/\/www.danialias.com\/news\/wp-content\/uploads\/2015\/04\/Logo-Iniciador-Tokyo.png\" alt=\"Logo-Iniciador-Tokyo\" class=\"wp-image-663\" width=\"250\" height=\"89\" srcset=\"http:\/\/www.danialias.com\/news\/wp-content\/uploads\/2015\/04\/Logo-Iniciador-Tokyo.png 500w, http:\/\/www.danialias.com\/news\/wp-content\/uploads\/2015\/04\/Logo-Iniciador-Tokyo-300x107.png 300w\" sizes=\"auto, (max-width: 250px) 100vw, 250px\" \/><\/figure>\n\n\n\n<p>Escrib\u00ed en espa\u00f1ol sobre las \u00faltimas noticias tecnol\u00f3gicas de Jap\u00f3n en y Asia en <a href=\"https:\/\/asiajin.com\/blog\/\">Asiajin.com<\/a>.<\/p>\n\n\n\n<figure class=\"wp-block-image aligncenter\"><img loading=\"lazy\" decoding=\"async\" width=\"254\" height=\"92\" src=\"http:\/\/www.danialias.com\/news\/wp-content\/uploads\/2011\/11\/tokio-asiajin.png\" alt=\"tokio-asiajin\" class=\"wp-image-582\" srcset=\"http:\/\/www.danialias.com\/news\/wp-content\/uploads\/2011\/11\/tokio-asiajin.png 254w, http:\/\/www.danialias.com\/news\/wp-content\/uploads\/2011\/11\/tokio-asiajin-150x54.png 150w\" sizes=\"auto, (max-width: 254px) 100vw, 254px\" \/><\/figure>\n\n\n\n<p>Antes de Gamerah, dirig\u00ed un sitio web dedicado a rese\u00f1ar arcades. Est\u00e1 todav\u00eda disponible en <a href=\"http:\/\/www.sirio-b.com\">sirio-b.com<\/a>.<\/p>\n\n\n\n<figure class=\"wp-block-image aligncenter\"><img loading=\"lazy\" decoding=\"async\" width=\"250\" height=\"90\" src=\"http:\/\/www.danialias.com\/news\/wp-content\/uploads\/2011\/08\/Logo-sirio-b.png\" alt=\"Logo-sirio-b\" class=\"wp-image-555\" srcset=\"http:\/\/www.danialias.com\/news\/wp-content\/uploads\/2011\/08\/Logo-sirio-b.png 250w, http:\/\/www.danialias.com\/news\/wp-content\/uploads\/2011\/08\/Logo-sirio-b-150x54.png 150w\" sizes=\"auto, (max-width: 250px) 100vw, 250px\" \/><\/figure>\n\n\n\n<div style=\"height:20px\" aria-hidden=\"true\" class=\"wp-block-spacer\"><\/div>\n\n\n\n<p class=\"has-text-align-center has-small-font-size\"><a href=\"http:\/\/www.danialias.com\/news\/projects-es\">VOLVER<\/a><\/p>\n","protected":false},"excerpt":{"rendered":"<p>ANTIGUOS PROYECTOS Antes de empezar Phobos Children con Mirai-Labo, ayud\u00e9 a empresas a entrar en el mercado japon\u00e9s con ShakingAsia. Tambi\u00e9n he organizado eventos para emprendedores tecnol\u00f3gicos en el coraz\u00f3n de Tokio, como parte de la marca espa\u00f1ola Iniciador. Los antiguos eventos est\u00e1n disponibles en su p\u00e1gina de facebook. Escrib\u00ed en espa\u00f1ol sobre las \u00faltimas [&hellip;]<\/p>\n","protected":false},"author":1,"featured_media":0,"parent":0,"menu_order":0,"comment_status":"closed","ping_status":"closed","template":"","meta":{"footnotes":""},"class_list":["post-2008","page","type-page","status-publish","hentry"],"_links":{"self":[{"href":"http:\/\/www.danialias.com\/news\/wp-json\/wp\/v2\/pages\/2008","targetHints":{"allow":["GET"]}}],"collection":[{"href":"http:\/\/www.danialias.com\/news\/wp-json\/wp\/v2\/pages"}],"about":[{"href":"http:\/\/www.danialias.com\/news\/wp-json\/wp\/v2\/types\/page"}],"author":[{"embeddable":true,"href":"http:\/\/www.danialias.com\/news\/wp-json\/wp\/v2\/users\/1"}],"replies":[{"embeddable":true,"href":"http:\/\/www.danialias.com\/news\/wp-json\/wp\/v2\/comments?post=2008"}],"version-history":[{"count":7,"href":"http:\/\/www.danialias.com\/news\/wp-json\/wp\/v2\/pages\/2008\/revisions"}],"predecessor-version":[{"id":2053,"href":"http:\/\/www.danialias.com\/news\/wp-json\/wp\/v2\/pages\/2008\/revisions\/2053"}],"wp:attachment":[{"href":"http:\/\/www.danialias.com\/news\/wp-json\/wp\/v2\/media?parent=2008"}],"curies":[{"name":"wp","href":"https:\/\/api.w.org\/{rel}","templated":true}]}}