{"id":2001,"date":"2022-09-24T21:37:55","date_gmt":"2022-09-24T12:37:55","guid":{"rendered":"http:\/\/www.danialias.com\/news\/?page_id=2001"},"modified":"2022-10-17T22:12:39","modified_gmt":"2022-10-17T13:12:39","slug":"projects-es","status":"publish","type":"page","link":"http:\/\/www.danialias.com\/news\/projects-es\/","title":{"rendered":"Proyectos"},"content":{"rendered":"\n<p class=\"has-text-align-center\"><a href=\"http:\/\/www.danialias.com\/news\/\">ENGLISH<\/a>\u3000|\u3000<strong>ESPA\u00d1OL<\/strong>\u3000|\u3000<strong><a href=\"http:\/\/www.danialias.com\/news\/projects-ja\/\">\u65e5\u672c\u8a9e<\/a><\/strong><\/p>\n\n\n\n<div style=\"height:30px\" aria-hidden=\"true\" class=\"wp-block-spacer\"><\/div>\n\n\n\n<p class=\"has-text-align-center has-medium-font-size\"><strong>DESARROLLADOR DE VIDEOJUEGOS<\/strong><\/p>\n\n\n\n<p class=\"has-text-align-left has-small-font-size\">Me llamo Daniel Alias y vivo en Tokio. Mi twitter es <a rel=\"noreferrer noopener\" href=\"http:\/\/twitter.com\/danialias\" target=\"_blank\">@danialias<\/a>. Siempre estoy a la busca de las \u00faltimas innovaciones jugables en el mundo de los videojuegos. <\/p>\n\n\n\n<p class=\"has-text-align-left\">Soy desarrollador de <strong>Phobos Children<\/strong>, un RPG de acci\u00f3n y puzzle para dispositivos iOS inspirado por matamarcianos cl\u00e1sicos.<\/p>\n\n\n\n<figure class=\"wp-block-image aligncenter size-full is-resized\" id=\"illust\"><img loading=\"lazy\" decoding=\"async\" src=\"http:\/\/www.danialias.com\/news\/wp-content\/uploads\/2015\/08\/PhobosChildrenLogo-e1440916645947.png\" alt=\"\" class=\"wp-image-683\" width=\"344\" height=\"137\"\/><\/figure>\n\n\n\n<p class=\"has-text-align-center\"><a href=\"http:\/\/www.phoboschildren.com\">Web de Phobos Children<\/a>\u3000|\u3000<a href=\"http:\/\/www.mirai-labo.com\">Web de Mirai-Labo<\/a><\/p>\n\n\n\n<div style=\"height:20px\" aria-hidden=\"true\" class=\"wp-block-spacer\"><\/div>\n\n\n\n<p class=\"has-text-align-left\">Tambi\u00e9n he participado como director y programador del proyecto <strong>TwinBee LOOP!<\/strong> , liderado por <a href=\"https:\/\/twitter.com\/ken_niimura\">Ken Niimura<\/a>, que recibi\u00f3 de Konami el premio &#8220;Outstanding Performance Award&#8221; en el concurso &#8220;KONAMI Action &amp; Shooting Game Contest&#8221; del Tokyo Game Show de 2022.<\/p>\n\n\n\n<figure class=\"wp-block-image aligncenter size-full is-resized\"><img loading=\"lazy\" decoding=\"async\" src=\"http:\/\/www.danialias.com\/news\/wp-content\/uploads\/2022\/09\/TwinBee-Loop-Logo-small.png\" alt=\"\" class=\"wp-image-1951\" width=\"400\" height=\"225\" srcset=\"http:\/\/www.danialias.com\/news\/wp-content\/uploads\/2022\/09\/TwinBee-Loop-Logo-small.png 800w, http:\/\/www.danialias.com\/news\/wp-content\/uploads\/2022\/09\/TwinBee-Loop-Logo-small-300x169.png 300w, http:\/\/www.danialias.com\/news\/wp-content\/uploads\/2022\/09\/TwinBee-Loop-Logo-small-768x432.png 768w\" sizes=\"auto, (max-width: 400px) 100vw, 400px\" \/><\/figure>\n\n\n\n<p class=\"has-text-align-center has-small-font-size\"><a href=\"https:\/\/youtu.be\/X6mmCWhGoNM\">Trailer<\/a>\u3000|\u3000<a href=\"https:\/\/youtu.be\/JR9fV7zqEt4\">Ceremonia de premios<\/a>\u3000|\u3000<a href=\"https:\/\/youtu.be\/EGl7_QVqq4c\">Presentaci\u00f3n de los equipos<\/a><br>Noticias: <a href=\"https:\/\/as.com\/meristation\/2022\/09\/17\/noticias\/1663398307_155239.html\">1<\/a> &#8211; <a href=\"https:\/\/www.republica.com\/ciencia-y-tecnologia\/konami-premia-un-proyecto-espanol-sobre-el-clasico-de-los-videojuegos-twinbee-20220917-10551848931\/\">2<\/a> &#8211; <a href=\"https:\/\/es.vida-estilo.yahoo.com\/style\/konami-premia-proyecto-espa%C3%B1ol-cl%C3%A1sico-123742610.html\">3<\/a><\/p>\n\n\n\n<div style=\"height:20px\" aria-hidden=\"true\" class=\"wp-block-spacer\"><\/div>\n\n\n\n<p class=\"has-text-align-left\">Tambi\u00e9n soy director de la p\u00e1gina web sobre videojuegos <strong>Gamerah<\/strong>.<\/p>\n\n\n\n<figure class=\"wp-block-image aligncenter size-medium is-resized\"><img loading=\"lazy\" decoding=\"async\" src=\"http:\/\/www.danialias.com\/news\/wp-content\/uploads\/2015\/04\/Gamerah-300x65.png\" alt=\"\" class=\"wp-image-734\" width=\"300\" height=\"65\" srcset=\"http:\/\/www.danialias.com\/news\/wp-content\/uploads\/2015\/04\/Gamerah-300x65.png 300w, http:\/\/www.danialias.com\/news\/wp-content\/uploads\/2015\/04\/Gamerah-768x166.png 768w, http:\/\/www.danialias.com\/news\/wp-content\/uploads\/2015\/04\/Gamerah-1024x221.png 1024w, http:\/\/www.danialias.com\/news\/wp-content\/uploads\/2015\/04\/Gamerah.png 1028w\" sizes=\"auto, (max-width: 300px) 100vw, 300px\" \/><\/figure>\n\n\n\n<p class=\"has-text-align-center\"><a href=\"http:\/\/www.gamerah.net\">Web de Gamerah<\/a><\/p>\n\n\n\n<div style=\"height:35px\" aria-hidden=\"true\" class=\"wp-block-spacer\"><\/div>\n\n\n\n<p class=\"has-text-align-center\"><a href=\"http:\/\/www.danialias.com\/news\/old-projects-es\/\">ANTIGUOS PROYECTOS<\/a>\u3000|\u3000<a href=\"https:\/\/twitter.com\/danialias\">TWITTER<\/a>\u3000|\u3000<a href=\"https:\/\/www.youtube.com\/channel\/UCUDeheCEyKtzRZEqXQQ3lbw\">YOUTUBE<\/a><\/p>\n","protected":false},"excerpt":{"rendered":"<p>ENGLISH\u3000|\u3000ESPA\u00d1OL\u3000|\u3000\u65e5\u672c\u8a9e DESARROLLADOR DE VIDEOJUEGOS Me llamo Daniel Alias y vivo en Tokio. Mi twitter es @danialias. Siempre estoy a la busca de las \u00faltimas innovaciones jugables en el mundo de los videojuegos. Soy desarrollador de Phobos Children, un RPG de acci\u00f3n y puzzle para dispositivos iOS inspirado por matamarcianos cl\u00e1sicos. Web de Phobos Children\u3000|\u3000Web de [&hellip;]<\/p>\n","protected":false},"author":1,"featured_media":0,"parent":0,"menu_order":0,"comment_status":"closed","ping_status":"closed","template":"","meta":{"footnotes":""},"class_list":["post-2001","page","type-page","status-publish","hentry"],"_links":{"self":[{"href":"http:\/\/www.danialias.com\/news\/wp-json\/wp\/v2\/pages\/2001","targetHints":{"allow":["GET"]}}],"collection":[{"href":"http:\/\/www.danialias.com\/news\/wp-json\/wp\/v2\/pages"}],"about":[{"href":"http:\/\/www.danialias.com\/news\/wp-json\/wp\/v2\/types\/page"}],"author":[{"embeddable":true,"href":"http:\/\/www.danialias.com\/news\/wp-json\/wp\/v2\/users\/1"}],"replies":[{"embeddable":true,"href":"http:\/\/www.danialias.com\/news\/wp-json\/wp\/v2\/comments?post=2001"}],"version-history":[{"count":10,"href":"http:\/\/www.danialias.com\/news\/wp-json\/wp\/v2\/pages\/2001\/revisions"}],"predecessor-version":[{"id":2047,"href":"http:\/\/www.danialias.com\/news\/wp-json\/wp\/v2\/pages\/2001\/revisions\/2047"}],"wp:attachment":[{"href":"http:\/\/www.danialias.com\/news\/wp-json\/wp\/v2\/media?parent=2001"}],"curies":[{"name":"wp","href":"https:\/\/api.w.org\/{rel}","templated":true}]}}